{"id":60,"date":"2022-04-19T20:32:58","date_gmt":"2022-04-19T20:32:58","guid":{"rendered":"https:\/\/polynort.cl\/w3\/?page_id=60"},"modified":"2022-06-29T14:38:11","modified_gmt":"2022-06-29T14:38:11","slug":"mecanizados-en-polimeros","status":"publish","type":"page","link":"https:\/\/polynort.cl\/w3\/mecanizados-en-polimeros\/","title":{"rendered":""},"content":{"rendered":"\n<div style=\"height:100px\" aria-hidden=\"true\" class=\"wp-block-spacer\"><\/div>\n\n\n\n<div class=\"wp-block-columns is-layout-flex wp-container-core-columns-is-layout-28f84493 wp-block-columns-is-layout-flex\">\n<div class=\"wp-block-column is-layout-flow wp-block-column-is-layout-flow\" style=\"flex-basis:25%\">\n<figure class=\"wp-block-image aligncenter size-full\"><a href=\"https:\/\/polynort.cl\/w3\/wp-content\/uploads\/2022\/06\/ico_foto01-2.jpg\"><img fetchpriority=\"high\" decoding=\"async\" width=\"300\" height=\"300\" src=\"https:\/\/polynort.cl\/w3\/wp-content\/uploads\/2022\/06\/ico_foto01-2.jpg\" alt=\"\" class=\"wp-image-1768\" srcset=\"https:\/\/polynort.cl\/w3\/wp-content\/uploads\/2022\/06\/ico_foto01-2.jpg 300w, https:\/\/polynort.cl\/w3\/wp-content\/uploads\/2022\/06\/ico_foto01-2-150x150.jpg 150w\" sizes=\"(max-width: 300px) 100vw, 300px\" \/><\/a><\/figure>\n<\/div>\n\n\n\n<div class=\"wp-block-column is-layout-flow wp-block-column-is-layout-flow\" style=\"flex-basis:66.66%\">\n<p class=\"has-text-color has-large-font-size\" style=\"color:#215b80\"><strong>MECANIZADOS EN POLIMEROS<\/strong><\/p>\n\n\n\n<p class=\"has-text-color has-medium-font-size\" style=\"color:#215b80\"><strong>COMPROMETIDOS CON ALTOS EST\u00c1NDARES DE CALIDAD<\/strong><br>mecanizados de piezas bajo plano, muestra o levantamiento en terreno<\/p>\n<\/div>\n<\/div>\n\n\n\n<div style=\"height:50px\" aria-hidden=\"true\" class=\"wp-block-spacer\"><\/div>\n\n\n\n<p>El&nbsp;<strong>Mecanizado de Pol\u00edmeros<\/strong> de ingenier\u00eda que brindamos en <strong>Polynort SPA<\/strong> proporciona piezas de gran calidad y precisi\u00f3n.&nbsp;<\/p>\n\n\n\n<p class=\"has-text-align-center has-text-color has-large-font-size\" style=\"color:#205b80\"><strong>Mecanizado de piezas bajo plano, muestra o Levantamiento en terreno.<\/strong><\/p>\n\n\n\n<p>Tanto el cumplimiento de los plazos de entrega comprometidos como la fabricaci\u00f3n con altos est\u00e1ndares de calidad, son nuestro objetivo.<\/p>\n\n\n\n<div style=\"height:50px\" aria-hidden=\"true\" class=\"wp-block-spacer\"><\/div>\n\n\n\n<h4 class=\"has-text-align-center has-medium-font-size wp-block-heading\"><strong>VENTAJAS<\/strong><\/h4>\n\n\n\n<p>Tiene mucho m\u00e1s baja densidad que el metal, y requiere de bajas temperaturas de fusi\u00f3n, adem\u00e1s de:<\/p>\n\n\n\n<ul class=\"wp-block-list\"><li>Tiene mucha m\u00e1s baja densidad que el metal.<\/li><li>Resistencia a la corrosi\u00f3n.<\/li><li>Absorci\u00f3n de ruidos y vibraciones.<\/li><li>Resistencia qu\u00edmica.<\/li><li>Requiere bajas temperaturas de fusi\u00f3n.<\/li><li>Mayor elasticidad.<\/li><li>Menor rigidez.<\/li><\/ul>\n\n\n\n<div style=\"height:100px\" aria-hidden=\"true\" class=\"wp-block-spacer\"><\/div>\n\n\n\n<div class=\"wp-block-cover alignfull is-light has-parallax has-custom-content-position is-position-top-center\" style=\"background-image:url(https:\/\/polynort.cl\/w3\/wp-content\/uploads\/2022\/05\/mecanizados01.jpg)\"><span aria-hidden=\"true\" class=\"wp-block-cover__background has-background-dim\"><\/span><div class=\"wp-block-cover__inner-container is-layout-flow wp-block-cover-is-layout-flow\">\n<div style=\"height:50px\" aria-hidden=\"true\" class=\"wp-block-spacer\"><\/div>\n\n\n\n<h4 class=\"has-text-align-center has-white-color has-text-color has-large-font-size wp-block-heading\"><strong>PRODUCTOS<\/strong><\/h4>\n\n\n\n<p class=\"has-text-align-center has-white-color has-text-color has-medium-font-size\" style=\"font-style:normal;font-weight:700;text-transform:uppercase\">Fabricamos piezas como bujes, ejes, poleas, sinfines, impulsores, engranajes y m\u00e1s,<br>as\u00ed como tambi\u00e9n el inyectado de piezas en Pol\u00edmeros.<\/p>\n\n\n\n<figure class=\"wp-block-gallery has-nested-images columns-4 is-cropped wp-block-gallery-1 is-layout-flex wp-block-gallery-is-layout-flex\">\n<figure class=\"wp-block-image size-full\"><a href=\"https:\/\/polynort.cl\/w3\/wp-content\/uploads\/2022\/06\/Mecanizado04.jpg\"><img decoding=\"async\" width=\"1000\" height=\"500\" data-id=\"1808\" src=\"https:\/\/polynort.cl\/w3\/wp-content\/uploads\/2022\/06\/Mecanizado04.jpg\" alt=\"\" class=\"wp-image-1808\" srcset=\"https:\/\/polynort.cl\/w3\/wp-content\/uploads\/2022\/06\/Mecanizado04.jpg 1000w, https:\/\/polynort.cl\/w3\/wp-content\/uploads\/2022\/06\/Mecanizado04-300x150.jpg 300w, https:\/\/polynort.cl\/w3\/wp-content\/uploads\/2022\/06\/Mecanizado04-768x384.jpg 768w\" sizes=\"(max-width: 1000px) 100vw, 1000px\" \/><\/a><\/figure>\n\n\n\n<figure class=\"wp-block-image size-full\"><a href=\"https:\/\/polynort.cl\/w3\/wp-content\/uploads\/2022\/06\/Mecanizado01.jpg\"><img decoding=\"async\" width=\"1000\" height=\"500\" data-id=\"1805\" src=\"https:\/\/polynort.cl\/w3\/wp-content\/uploads\/2022\/06\/Mecanizado01.jpg\" alt=\"\" class=\"wp-image-1805\" srcset=\"https:\/\/polynort.cl\/w3\/wp-content\/uploads\/2022\/06\/Mecanizado01.jpg 1000w, https:\/\/polynort.cl\/w3\/wp-content\/uploads\/2022\/06\/Mecanizado01-300x150.jpg 300w, https:\/\/polynort.cl\/w3\/wp-content\/uploads\/2022\/06\/Mecanizado01-768x384.jpg 768w\" sizes=\"(max-width: 1000px) 100vw, 1000px\" \/><\/a><\/figure>\n\n\n\n<figure class=\"wp-block-image size-full\"><a href=\"https:\/\/polynort.cl\/w3\/wp-content\/uploads\/2022\/06\/Mecanizado02.jpg\"><img loading=\"lazy\" decoding=\"async\" width=\"1000\" height=\"500\" data-id=\"1806\" src=\"https:\/\/polynort.cl\/w3\/wp-content\/uploads\/2022\/06\/Mecanizado02.jpg\" alt=\"\" class=\"wp-image-1806\" srcset=\"https:\/\/polynort.cl\/w3\/wp-content\/uploads\/2022\/06\/Mecanizado02.jpg 1000w, https:\/\/polynort.cl\/w3\/wp-content\/uploads\/2022\/06\/Mecanizado02-300x150.jpg 300w, https:\/\/polynort.cl\/w3\/wp-content\/uploads\/2022\/06\/Mecanizado02-768x384.jpg 768w\" sizes=\"(max-width: 1000px) 100vw, 1000px\" \/><\/a><\/figure>\n\n\n\n<figure class=\"wp-block-image size-full\"><a href=\"https:\/\/polynort.cl\/w3\/wp-content\/uploads\/2022\/06\/Mecanizado03.jpg\"><img loading=\"lazy\" decoding=\"async\" width=\"1000\" height=\"500\" data-id=\"1807\" src=\"https:\/\/polynort.cl\/w3\/wp-content\/uploads\/2022\/06\/Mecanizado03.jpg\" alt=\"\" class=\"wp-image-1807\" srcset=\"https:\/\/polynort.cl\/w3\/wp-content\/uploads\/2022\/06\/Mecanizado03.jpg 1000w, https:\/\/polynort.cl\/w3\/wp-content\/uploads\/2022\/06\/Mecanizado03-300x150.jpg 300w, https:\/\/polynort.cl\/w3\/wp-content\/uploads\/2022\/06\/Mecanizado03-768x384.jpg 768w\" sizes=\"(max-width: 1000px) 100vw, 1000px\" \/><\/a><\/figure>\n<\/figure>\n\n\n\n<div style=\"height:50px\" aria-hidden=\"true\" class=\"wp-block-spacer\"><\/div>\n<\/div><\/div>\n","protected":false},"excerpt":{"rendered":"<p>MECANIZADOS EN POLIMEROS COMPROMETIDOS CON ALTOS EST\u00c1NDARES DE CALIDADmecanizados de piezas bajo plano, muestra o levantamiento en terreno El&nbsp;Mecanizado de Pol\u00edmeros de ingenier\u00eda que brindamos en Polynort SPA proporciona piezas de gran calidad y precisi\u00f3n.&nbsp; Mecanizado de piezas bajo plano, muestra o Levantamiento en terreno. Tanto el cumplimiento de los plazos de entrega comprometidos como [&hellip;]<\/p>\n","protected":false},"author":2,"featured_media":758,"parent":0,"menu_order":3,"comment_status":"closed","ping_status":"closed","template":"","meta":{"footnotes":""},"class_list":["post-60","page","type-page","status-publish","has-post-thumbnail","hentry"],"_links":{"self":[{"href":"https:\/\/polynort.cl\/w3\/wp-json\/wp\/v2\/pages\/60","targetHints":{"allow":["GET"]}}],"collection":[{"href":"https:\/\/polynort.cl\/w3\/wp-json\/wp\/v2\/pages"}],"about":[{"href":"https:\/\/polynort.cl\/w3\/wp-json\/wp\/v2\/types\/page"}],"author":[{"embeddable":true,"href":"https:\/\/polynort.cl\/w3\/wp-json\/wp\/v2\/users\/2"}],"replies":[{"embeddable":true,"href":"https:\/\/polynort.cl\/w3\/wp-json\/wp\/v2\/comments?post=60"}],"version-history":[{"count":105,"href":"https:\/\/polynort.cl\/w3\/wp-json\/wp\/v2\/pages\/60\/revisions"}],"predecessor-version":[{"id":1874,"href":"https:\/\/polynort.cl\/w3\/wp-json\/wp\/v2\/pages\/60\/revisions\/1874"}],"wp:featuredmedia":[{"embeddable":true,"href":"https:\/\/polynort.cl\/w3\/wp-json\/wp\/v2\/media\/758"}],"wp:attachment":[{"href":"https:\/\/polynort.cl\/w3\/wp-json\/wp\/v2\/media?parent=60"}],"curies":[{"name":"wp","href":"https:\/\/api.w.org\/{rel}","templated":true}]}}