{"id":62,"date":"2022-04-19T20:33:23","date_gmt":"2022-04-19T20:33:23","guid":{"rendered":"https:\/\/polynort.cl\/w3\/?page_id=62"},"modified":"2022-06-29T14:38:19","modified_gmt":"2022-06-29T14:38:19","slug":"control-de-derrames","status":"publish","type":"page","link":"https:\/\/polynort.cl\/w3\/control-de-derrames\/","title":{"rendered":""},"content":{"rendered":"\n<div style=\"height:100px\" aria-hidden=\"true\" class=\"wp-block-spacer\"><\/div>\n\n\n\n<div class=\"wp-block-columns is-layout-flex wp-container-core-columns-is-layout-28f84493 wp-block-columns-is-layout-flex\">\n<div class=\"wp-block-column is-layout-flow wp-block-column-is-layout-flow\" style=\"flex-basis:25%\">\n<figure class=\"wp-block-image aligncenter size-full\"><a href=\"https:\/\/polynort.cl\/w3\/wp-content\/uploads\/2022\/06\/ico_foto02.jpg\"><img fetchpriority=\"high\" decoding=\"async\" width=\"300\" height=\"300\" src=\"https:\/\/polynort.cl\/w3\/wp-content\/uploads\/2022\/06\/ico_foto02.jpg\" alt=\"\" class=\"wp-image-1770\" srcset=\"https:\/\/polynort.cl\/w3\/wp-content\/uploads\/2022\/06\/ico_foto02.jpg 300w, https:\/\/polynort.cl\/w3\/wp-content\/uploads\/2022\/06\/ico_foto02-150x150.jpg 150w\" sizes=\"(max-width: 300px) 100vw, 300px\" \/><\/a><\/figure>\n<\/div>\n\n\n\n<div class=\"wp-block-column is-layout-flow wp-block-column-is-layout-flow\" style=\"flex-basis:66.66%\">\n<h2 class=\"has-text-align-left has-text-color has-large-font-size wp-block-heading\" style=\"color:#215b80\"><strong>PROTECCI\u00d3N INDUSTRIAL Y<\/strong><br><strong>MEDIO AMBIENTE<\/strong><\/h2>\n\n\n\n<p class=\"has-text-color has-medium-font-size\" style=\"color:#215b80\"><strong>FABRICADAS A MEDIDAS<\/strong><br>de acuerdo a las necesidades de nuestros clientes para proteger suelos<\/p>\n<\/div>\n<\/div>\n\n\n\n<div style=\"height:50px\" aria-hidden=\"true\" class=\"wp-block-spacer\"><\/div>\n\n\n\n<p>Fabricaci\u00f3n y comercializaci\u00f3n de productos&nbsp;para protecci\u00f3n industrial y del medio ambiente, con lo cual <strong>Polynort SPA<\/strong>, aporta con carpetas anti derrames fabricadas a medidas de acuerdo a las necesidades de nuestros clientes para proteger suelos, biombos y cortinas para cabinas de soldadura en medidas est\u00e1ndar y a pedido, absorbentes de hidrocarburos y otros.<\/p>\n\n\n\n<div style=\"height:100px\" aria-hidden=\"true\" class=\"wp-block-spacer\"><\/div>\n\n\n\n<div class=\"wp-block-cover alignfull\"><span aria-hidden=\"true\" class=\"wp-block-cover__background has-background-dim-60 has-background-dim\"><\/span><img decoding=\"async\" width=\"968\" height=\"637\" class=\"wp-block-cover__image-background wp-image-759\" alt=\"\" src=\"https:\/\/polynort.cl\/w3\/wp-content\/uploads\/2022\/05\/derrames02.jpg\" data-object-fit=\"cover\" srcset=\"https:\/\/polynort.cl\/w3\/wp-content\/uploads\/2022\/05\/derrames02.jpg 968w, https:\/\/polynort.cl\/w3\/wp-content\/uploads\/2022\/05\/derrames02-300x197.jpg 300w, https:\/\/polynort.cl\/w3\/wp-content\/uploads\/2022\/05\/derrames02-768x505.jpg 768w\" sizes=\"(max-width: 968px) 100vw, 968px\" \/><div class=\"wp-block-cover__inner-container is-layout-flow wp-block-cover-is-layout-flow\">\n<div style=\"height:50px\" aria-hidden=\"true\" class=\"wp-block-spacer\"><\/div>\n\n\n\n<h4 class=\"has-text-align-center has-white-color has-text-color has-large-font-size wp-block-heading\"><strong>PRODUCTOS<\/strong><\/h4>\n\n\n\n<h4 class=\"has-text-align-center has-white-color has-text-color has-medium-font-size wp-block-heading\"><strong>CARPETAS ANTI DERRAMES &#8211; BIOMBOS &#8211; CORTINAS<\/strong><\/h4>\n\n\n\n<div class=\"wp-block-columns is-layout-flex wp-container-core-columns-is-layout-28f84493 wp-block-columns-is-layout-flex\">\n<div class=\"wp-block-column is-layout-flow wp-block-column-is-layout-flow\" style=\"flex-basis:10%\"><\/div>\n\n\n\n<div class=\"wp-block-column has-white-color has-text-color is-layout-flow wp-block-column-is-layout-flow\" style=\"flex-basis:80%\"><style>.wp-show-posts-columns#wpsp-1653 {margin-left: -2em; }.wp-show-posts-columns#wpsp-1653 .wp-show-posts-inner {margin: 0 0 2em 2em; }<\/style><section id=\"wpsp-1653\" class=\" wp-show-posts-columns wp-show-posts\" style=\"\"><article class=\" wp-show-posts-single post-125 post type-post status-publish format-standard hentry category-proteccion wpsp-col-4\" itemtype=\"http:\/\/schema.org\/CreativeWork\" itemscope><div class=\"wp-show-posts-inner\" style=\"\">\t\t\t\t\t\t<header class=\"wp-show-posts-entry-header\">\n\t\t\t\t\t\t\t<h5 class=\"wp-show-posts-entry-title\" itemprop=\"headline\"><a href=\"https:\/\/polynort.cl\/w3\/step-cleaner-oficce\/\" rel=\"bookmark\">STEP CLEANER OFICCE<\/a><\/h5>\t\t\t\t\t\t<\/header><!-- .entry-header -->\n\t\t\t\t\t\t\t\t\t\t\t<div class=\"wp-show-posts-entry-summary\" itemprop=\"text\">\n\t\t\t\t\t\t\t<p>Recept\u00e1culo para ser usado en ba\u00f1os sanitizantes de calzados a la entrada de recintos con control sanitario. Laboratorios, procesadoras de alimentos, faenadoras, viveros, criaderos, etc.&nbsp;Limpiapi\u00e9s de PVC interior de mediano&#8230;<\/p>\n\t\t\t\t\t\t<\/div><!-- .entry-summary -->\n\t\t\t\t\t<\/div><!-- wp-show-posts-inner --><\/article><article class=\" wp-show-posts-single post-121 post type-post status-publish format-standard hentry category-proteccion wpsp-col-4\" itemtype=\"http:\/\/schema.org\/CreativeWork\" itemscope><div class=\"wp-show-posts-inner\" style=\"\">\t\t\t\t\t\t<header class=\"wp-show-posts-entry-header\">\n\t\t\t\t\t\t\t<h5 class=\"wp-show-posts-entry-title\" itemprop=\"headline\"><a href=\"https:\/\/polynort.cl\/w3\/manta-ignifuga-de-kevlar\/\" rel=\"bookmark\">MANTA IGN\u00cdFUGA DE KEVLAR<\/a><\/h5>\t\t\t\t\t\t<\/header><!-- .entry-header -->\n\t\t\t\t\t\t\t\t\t\t\t<div class=\"wp-show-posts-entry-summary\" itemprop=\"text\">\n\t\t\t\t\t\t\t<p>Las mantas t\u00e9rmicas de Kevlar est\u00e1n dise\u00f1adas para absorber las part\u00edculas fundidas provenientes de la soldadura, protegiendo pisos, equipos, carrocer\u00edas, neum\u00e1ticos entre otros y a su vez aislar t\u00e9rmicamente espacios&#8230;<\/p>\n\t\t\t\t\t\t<\/div><!-- .entry-summary -->\n\t\t\t\t\t<\/div><!-- wp-show-posts-inner --><\/article><article class=\" wp-show-posts-single post-118 post type-post status-publish format-standard hentry category-proteccion wpsp-col-4\" itemtype=\"http:\/\/schema.org\/CreativeWork\" itemscope><div class=\"wp-show-posts-inner\" style=\"\">\t\t\t\t\t\t<header class=\"wp-show-posts-entry-header\">\n\t\t\t\t\t\t\t<h5 class=\"wp-show-posts-entry-title\" itemprop=\"headline\"><a href=\"https:\/\/polynort.cl\/w3\/cobertores-de-pvc\/\" rel=\"bookmark\">COBERTORES DE PVC<\/a><\/h5>\t\t\t\t\t\t<\/header><!-- .entry-header -->\n\t\t\t\t\t\t\t\t\t\t\t<div class=\"wp-show-posts-entry-summary\" itemprop=\"text\">\n\t\t\t\t\t\t\t<p>Los cobertores de PVC est\u00e1n dise\u00f1ados para proteger equipos, productos y materiales, de exposici\u00f3n a condiciones ambientales, lluvia, polvo, sol y material particulado generado de trabajos en faenas o talleres&#8230;.<\/p>\n\t\t\t\t\t\t<\/div><!-- .entry-summary -->\n\t\t\t\t\t<\/div><!-- wp-show-posts-inner --><\/article><article class=\" wp-show-posts-single post-113 post type-post status-publish format-standard hentry category-proteccion wpsp-col-4\" itemtype=\"http:\/\/schema.org\/CreativeWork\" itemscope><div class=\"wp-show-posts-inner\" style=\"\">\t\t\t\t\t\t<header class=\"wp-show-posts-entry-header\">\n\t\t\t\t\t\t\t<h5 class=\"wp-show-posts-entry-title\" itemprop=\"headline\"><a href=\"https:\/\/polynort.cl\/w3\/biombos-soldadores-pvc-rip-stop\/\" rel=\"bookmark\">BIOMBOS SOLDADORES PVC RIP STOP<\/a><\/h5>\t\t\t\t\t\t<\/header><!-- .entry-header -->\n\t\t\t\t\t\t\t\t\t\t\t<div class=\"wp-show-posts-entry-summary\" itemprop=\"text\">\n\t\t\t\t\t\t\t<p>Los biombos de PVC Rip Stop son separadores de ambientes industriales que permiten aislar zonas de trabajos donde exista exposici\u00f3n ha soldaduras, material particulado o cualquier elemento que pueda representar&#8230;<\/p>\n\t\t\t\t\t\t<\/div><!-- .entry-summary -->\n\t\t\t\t\t<\/div><!-- wp-show-posts-inner --><\/article><article class=\" wp-show-posts-single post-108 post type-post status-publish format-standard hentry category-proteccion wpsp-col-4\" itemtype=\"http:\/\/schema.org\/CreativeWork\" itemscope><div class=\"wp-show-posts-inner\" style=\"\">\t\t\t\t\t\t<header class=\"wp-show-posts-entry-header\">\n\t\t\t\t\t\t\t<h5 class=\"wp-show-posts-entry-title\" itemprop=\"headline\"><a href=\"https:\/\/polynort.cl\/w3\/carpetas-antiderrame\/\" rel=\"bookmark\">CARPETAS ANTIDERRAME<\/a><\/h5>\t\t\t\t\t\t<\/header><!-- .entry-header -->\n\t\t\t\t\t\t\t\t\t\t\t<div class=\"wp-show-posts-entry-summary\" itemprop=\"text\">\n\t\t\t\t\t\t\t<p>Las carpetas antiderrames se utilizan como bandeja de contenci\u00f3n de fluidos, para lavado y mantenci\u00f3n de veh\u00edculos, generadores y maquinarias de peque\u00f1as, medianas y grandes dimensiones, en emergencias ambientales, trasvasije&#8230;<\/p>\n\t\t\t\t\t\t<\/div><!-- .entry-summary -->\n\t\t\t\t\t<\/div><!-- wp-show-posts-inner --><\/article><article class=\" wp-show-posts-single post-104 post type-post status-publish format-standard hentry category-proteccion wpsp-col-4\" itemtype=\"http:\/\/schema.org\/CreativeWork\" itemscope><div class=\"wp-show-posts-inner\" style=\"\">\t\t\t\t\t\t<header class=\"wp-show-posts-entry-header\">\n\t\t\t\t\t\t\t<h5 class=\"wp-show-posts-entry-title\" itemprop=\"headline\"><a href=\"https:\/\/polynort.cl\/w3\/carpas-y-toldos-industriales\/\" rel=\"bookmark\">CARPAS Y TOLDOS INDUSTRIALES<\/a><\/h5>\t\t\t\t\t\t<\/header><!-- .entry-header -->\n\t\t\t\t\t\t\t\t\t\t\t<div class=\"wp-show-posts-entry-summary\" itemprop=\"text\">\n\t\t\t\t\t\t\t<p>Estructuras Desmontables y de f\u00e1cil armado, cubiertas con tela de PVC antirasgadura. Son utilizadas de manera permanente o temporal para ampliar las actividades dentro de las empresas adem\u00e1s de ser&#8230;<\/p>\n\t\t\t\t\t\t<\/div><!-- .entry-summary -->\n\t\t\t\t\t<\/div><!-- wp-show-posts-inner --><\/article><div class=\"wpsp-clear\"><\/div><\/section><!-- .wp-show-posts --><div class=\"wpsp-load-more\"><span aria-current=\"page\" class=\"page-numbers current\">1<\/span>\n<a class=\"page-numbers\" href=\"https:\/\/polynort.cl\/w3\/wp-json\/wp\/v2\/pages\/62\/page\/2\/\">2<\/a>\n<a class=\"next page-numbers\" href=\"https:\/\/polynort.cl\/w3\/wp-json\/wp\/v2\/pages\/62\/page\/2\/\">Siguiente &rarr;<\/a><\/div>\n<\/div>\n\n\n\n<div class=\"wp-block-column is-layout-flow wp-block-column-is-layout-flow\" style=\"flex-basis:10%\"><\/div>\n<\/div>\n\n\n\n<p class=\"has-text-align-center has-white-color has-text-color\">MEDIDAS ESTANDAR \/ A PEDIDOS<\/p>\n<\/div><\/div>\n","protected":false},"excerpt":{"rendered":"<p>PROTECCI\u00d3N INDUSTRIAL YMEDIO AMBIENTE FABRICADAS A MEDIDASde acuerdo a las necesidades de nuestros clientes para proteger suelos Fabricaci\u00f3n y comercializaci\u00f3n de productos&nbsp;para protecci\u00f3n industrial y del medio ambiente, con lo cual Polynort SPA, aporta con carpetas anti derrames fabricadas a medidas de acuerdo a las necesidades de nuestros clientes para proteger suelos, biombos y cortinas [&hellip;]<\/p>\n","protected":false},"author":2,"featured_media":0,"parent":0,"menu_order":3,"comment_status":"closed","ping_status":"closed","template":"","meta":{"footnotes":""},"class_list":["post-62","page","type-page","status-publish","hentry"],"_links":{"self":[{"href":"https:\/\/polynort.cl\/w3\/wp-json\/wp\/v2\/pages\/62","targetHints":{"allow":["GET"]}}],"collection":[{"href":"https:\/\/polynort.cl\/w3\/wp-json\/wp\/v2\/pages"}],"about":[{"href":"https:\/\/polynort.cl\/w3\/wp-json\/wp\/v2\/types\/page"}],"author":[{"embeddable":true,"href":"https:\/\/polynort.cl\/w3\/wp-json\/wp\/v2\/users\/2"}],"replies":[{"embeddable":true,"href":"https:\/\/polynort.cl\/w3\/wp-json\/wp\/v2\/comments?post=62"}],"version-history":[{"count":50,"href":"https:\/\/polynort.cl\/w3\/wp-json\/wp\/v2\/pages\/62\/revisions"}],"predecessor-version":[{"id":1875,"href":"https:\/\/polynort.cl\/w3\/wp-json\/wp\/v2\/pages\/62\/revisions\/1875"}],"wp:attachment":[{"href":"https:\/\/polynort.cl\/w3\/wp-json\/wp\/v2\/media?parent=62"}],"curies":[{"name":"wp","href":"https:\/\/api.w.org\/{rel}","templated":true}]}}