{"id":64,"date":"2022-04-19T20:33:54","date_gmt":"2022-04-19T20:33:54","guid":{"rendered":"https:\/\/polynort.cl\/w3\/?page_id=64"},"modified":"2022-06-29T14:38:36","modified_gmt":"2022-06-29T14:38:36","slug":"poliuretanos","status":"publish","type":"page","link":"https:\/\/polynort.cl\/w3\/poliuretanos\/","title":{"rendered":""},"content":{"rendered":"\n<div style=\"height:100px\" aria-hidden=\"true\" class=\"wp-block-spacer\"><\/div>\n\n\n\n<div class=\"wp-block-columns is-layout-flex wp-container-core-columns-is-layout-28f84493 wp-block-columns-is-layout-flex\">\n<div class=\"wp-block-column is-layout-flow wp-block-column-is-layout-flow\" style=\"flex-basis:25%\">\n<figure class=\"wp-block-image size-full\"><a href=\"https:\/\/polynort.cl\/w3\/wp-content\/uploads\/2022\/06\/ico_foto04.jpg\"><img fetchpriority=\"high\" decoding=\"async\" width=\"300\" height=\"300\" src=\"https:\/\/polynort.cl\/w3\/wp-content\/uploads\/2022\/06\/ico_foto04.jpg\" alt=\"\" class=\"wp-image-1773\" srcset=\"https:\/\/polynort.cl\/w3\/wp-content\/uploads\/2022\/06\/ico_foto04.jpg 300w, https:\/\/polynort.cl\/w3\/wp-content\/uploads\/2022\/06\/ico_foto04-150x150.jpg 150w\" sizes=\"(max-width: 300px) 100vw, 300px\" \/><\/a><\/figure>\n<\/div>\n\n\n\n<div class=\"wp-block-column is-layout-flow wp-block-column-is-layout-flow\" style=\"flex-basis:66.66%\">\n<h2 class=\"has-text-color has-large-font-size wp-block-heading\" style=\"color:#215b80\"><strong>POLIURETANOS<\/strong><\/h2>\n\n\n\n<p class=\"has-text-color has-medium-font-size\" style=\"color:#215b80\"><strong>DE ALTA CALIDAD<\/strong><br>propiedades de gran resistencia a la abrasi\u00f3n<\/p>\n<\/div>\n<\/div>\n\n\n\n<div style=\"height:50px\" aria-hidden=\"true\" class=\"wp-block-spacer\"><\/div>\n\n\n\n<p>\u00c1rea de poliuretanos t\u00e9cnicos , nos especializamos en la fabricaci\u00f3n , dise\u00f1o y servicios relacionados a la producci\u00f3n de poliuretanos t\u00e9cnicos para las diferentes industrias, plantas metal\u00fargicas y miner\u00eda.<\/p>\n\n\n\n<p class=\"has-text-align-center has-text-color has-large-font-size\" style=\"color:#215b80\"><strong>resistencia a la abrasi\u00f3n, poder amortiguador y absorci\u00f3n de vibraciones<\/strong><\/p>\n\n\n\n<p>Poliuretanos de alta calidad, resaltando propiedades de gran resistencia a la abrasi\u00f3n, poder amortiguador y absorci\u00f3n de vibraciones,&nbsp;resistencia a aceites y grasas, flexibilidad, alta capacidad de alargamiento amplia versatilidad pudiendo elegir sus caracter\u00edsticas como dureza y color.<\/p>\n\n\n\n<div style=\"height:100px\" aria-hidden=\"true\" class=\"wp-block-spacer\"><\/div>\n\n\n\n<div class=\"wp-block-cover alignfull\"><span aria-hidden=\"true\" class=\"wp-block-cover__background has-background-dim-60 has-background-dim\"><\/span><img decoding=\"async\" width=\"1000\" height=\"595\" class=\"wp-block-cover__image-background wp-image-1756\" alt=\"\" src=\"https:\/\/polynort.cl\/w3\/wp-content\/uploads\/2022\/06\/bn_home_poliuretano.jpeg\" data-object-fit=\"cover\" srcset=\"https:\/\/polynort.cl\/w3\/wp-content\/uploads\/2022\/06\/bn_home_poliuretano.jpeg 1000w, https:\/\/polynort.cl\/w3\/wp-content\/uploads\/2022\/06\/bn_home_poliuretano-300x179.jpeg 300w, https:\/\/polynort.cl\/w3\/wp-content\/uploads\/2022\/06\/bn_home_poliuretano-768x457.jpeg 768w\" sizes=\"(max-width: 1000px) 100vw, 1000px\" \/><div class=\"wp-block-cover__inner-container is-layout-flow wp-block-cover-is-layout-flow\">\n<div style=\"height:50px\" aria-hidden=\"true\" class=\"wp-block-spacer\"><\/div>\n\n\n\n<h4 class=\"has-text-align-center has-white-color has-text-color has-large-font-size wp-block-heading\" style=\"font-style:normal;font-weight:700\">PRODUCTOS<\/h4>\n\n\n\n<p class=\"has-text-align-center has-white-color has-text-color has-medium-font-size\" style=\"font-style:normal;font-weight:700;text-transform:uppercase\">M\u00f3dulos de harnero &#8211; Hoja de Raspadores de correa<br>Recubrimientos de rodillos &#8211; ca\u00f1er\u00edas y otros.<\/p>\n\n\n\n<figure class=\"wp-block-gallery has-nested-images columns-4 is-cropped wp-block-gallery-1 is-layout-flex wp-block-gallery-is-layout-flex\">\n<figure class=\"wp-block-image size-full\"><a href=\"https:\/\/polynort.cl\/w3\/wp-content\/uploads\/2022\/06\/poliuretanos03.jpeg\"><img decoding=\"async\" width=\"1000\" height=\"1000\" data-id=\"1706\" src=\"https:\/\/polynort.cl\/w3\/wp-content\/uploads\/2022\/06\/poliuretanos03.jpeg\" alt=\"\" class=\"wp-image-1706\" srcset=\"https:\/\/polynort.cl\/w3\/wp-content\/uploads\/2022\/06\/poliuretanos03.jpeg 1000w, https:\/\/polynort.cl\/w3\/wp-content\/uploads\/2022\/06\/poliuretanos03-300x300.jpeg 300w, https:\/\/polynort.cl\/w3\/wp-content\/uploads\/2022\/06\/poliuretanos03-150x150.jpeg 150w, https:\/\/polynort.cl\/w3\/wp-content\/uploads\/2022\/06\/poliuretanos03-768x768.jpeg 768w\" sizes=\"(max-width: 1000px) 100vw, 1000px\" \/><\/a><\/figure>\n\n\n\n<figure class=\"wp-block-image size-full\"><a href=\"https:\/\/polynort.cl\/w3\/wp-content\/uploads\/2022\/06\/poliuretanos02.jpeg\"><img loading=\"lazy\" decoding=\"async\" width=\"464\" height=\"500\" data-id=\"1705\" src=\"https:\/\/polynort.cl\/w3\/wp-content\/uploads\/2022\/06\/poliuretanos02.jpeg\" alt=\"\" class=\"wp-image-1705\" srcset=\"https:\/\/polynort.cl\/w3\/wp-content\/uploads\/2022\/06\/poliuretanos02.jpeg 464w, https:\/\/polynort.cl\/w3\/wp-content\/uploads\/2022\/06\/poliuretanos02-278x300.jpeg 278w\" sizes=\"(max-width: 464px) 100vw, 464px\" \/><\/a><\/figure>\n\n\n\n<figure class=\"wp-block-image size-full\"><a href=\"https:\/\/polynort.cl\/w3\/wp-content\/uploads\/2022\/06\/poliuretanos01.jpg\"><img loading=\"lazy\" decoding=\"async\" width=\"1024\" height=\"695\" data-id=\"1704\" src=\"https:\/\/polynort.cl\/w3\/wp-content\/uploads\/2022\/06\/poliuretanos01.jpg\" alt=\"\" class=\"wp-image-1704\" srcset=\"https:\/\/polynort.cl\/w3\/wp-content\/uploads\/2022\/06\/poliuretanos01.jpg 1024w, https:\/\/polynort.cl\/w3\/wp-content\/uploads\/2022\/06\/poliuretanos01-300x204.jpg 300w, https:\/\/polynort.cl\/w3\/wp-content\/uploads\/2022\/06\/poliuretanos01-768x521.jpg 768w\" sizes=\"(max-width: 1024px) 100vw, 1024px\" \/><\/a><\/figure>\n\n\n\n<figure class=\"wp-block-image size-full\"><a href=\"https:\/\/polynort.cl\/w3\/wp-content\/uploads\/2022\/06\/poliuretanos04.jpeg\"><img loading=\"lazy\" decoding=\"async\" width=\"700\" height=\"466\" data-id=\"1707\" src=\"https:\/\/polynort.cl\/w3\/wp-content\/uploads\/2022\/06\/poliuretanos04.jpeg\" alt=\"\" class=\"wp-image-1707\" srcset=\"https:\/\/polynort.cl\/w3\/wp-content\/uploads\/2022\/06\/poliuretanos04.jpeg 700w, https:\/\/polynort.cl\/w3\/wp-content\/uploads\/2022\/06\/poliuretanos04-300x200.jpeg 300w\" sizes=\"(max-width: 700px) 100vw, 700px\" \/><\/a><\/figure>\n<\/figure>\n\n\n\n<p class=\"has-text-align-center has-white-color has-text-color has-small-font-size\">PIEZAS Y PARTES EN BASE A PLANO, MUESTRA O LEVANTAMIENTO EN TERRENO.<\/p>\n\n\n\n<div style=\"height:50px\" aria-hidden=\"true\" class=\"wp-block-spacer\"><\/div>\n\n\n\n<h4 class=\"has-text-align-center has-white-color has-text-color has-large-font-size wp-block-heading\" style=\"font-style:normal;font-weight:700\">REPUESTOS MINEROS<\/h4>\n\n\n\n<p class=\"has-text-align-center has-white-color has-text-color has-medium-font-size\" style=\"font-style:normal;font-weight:700;text-transform:uppercase\">Impulsores &#8211; Carcazas &#8211;&nbsp;Hidrociclones &#8211; Celdas de Flotaci\u00f3n.<\/p>\n<\/div><\/div>\n","protected":false},"excerpt":{"rendered":"<p>POLIURETANOS DE ALTA CALIDADpropiedades de gran resistencia a la abrasi\u00f3n \u00c1rea de poliuretanos t\u00e9cnicos , nos especializamos en la fabricaci\u00f3n , dise\u00f1o y servicios relacionados a la producci\u00f3n de poliuretanos t\u00e9cnicos para las diferentes industrias, plantas metal\u00fargicas y miner\u00eda. resistencia a la abrasi\u00f3n, poder amortiguador y absorci\u00f3n de vibraciones Poliuretanos de alta calidad, resaltando propiedades [&hellip;]<\/p>\n","protected":false},"author":2,"featured_media":0,"parent":0,"menu_order":5,"comment_status":"closed","ping_status":"closed","template":"","meta":{"footnotes":""},"class_list":["post-64","page","type-page","status-publish","hentry"],"_links":{"self":[{"href":"https:\/\/polynort.cl\/w3\/wp-json\/wp\/v2\/pages\/64","targetHints":{"allow":["GET"]}}],"collection":[{"href":"https:\/\/polynort.cl\/w3\/wp-json\/wp\/v2\/pages"}],"about":[{"href":"https:\/\/polynort.cl\/w3\/wp-json\/wp\/v2\/types\/page"}],"author":[{"embeddable":true,"href":"https:\/\/polynort.cl\/w3\/wp-json\/wp\/v2\/users\/2"}],"replies":[{"embeddable":true,"href":"https:\/\/polynort.cl\/w3\/wp-json\/wp\/v2\/comments?post=64"}],"version-history":[{"count":41,"href":"https:\/\/polynort.cl\/w3\/wp-json\/wp\/v2\/pages\/64\/revisions"}],"predecessor-version":[{"id":1876,"href":"https:\/\/polynort.cl\/w3\/wp-json\/wp\/v2\/pages\/64\/revisions\/1876"}],"wp:attachment":[{"href":"https:\/\/polynort.cl\/w3\/wp-json\/wp\/v2\/media?parent=64"}],"curies":[{"name":"wp","href":"https:\/\/api.w.org\/{rel}","templated":true}]}}