{"id":66,"date":"2022-04-19T20:34:11","date_gmt":"2022-04-19T20:34:11","guid":{"rendered":"https:\/\/polynort.cl\/w3\/?page_id=66"},"modified":"2025-08-07T12:39:54","modified_gmt":"2025-08-07T12:39:54","slug":"fibra-de-vidrio","status":"publish","type":"page","link":"https:\/\/polynort.cl\/w3\/fibra-de-vidrio\/","title":{"rendered":"FIBRA DE VIDRIO"},"content":{"rendered":"\n<div style=\"height:100px\" aria-hidden=\"true\" class=\"wp-block-spacer\"><\/div>\n\n\n\n<div class=\"wp-block-columns is-layout-flex wp-container-core-columns-is-layout-28f84493 wp-block-columns-is-layout-flex\">\n<div class=\"wp-block-column is-layout-flow wp-block-column-is-layout-flow\" style=\"flex-basis:25%\">\n<figure class=\"wp-block-image aligncenter size-full\"><a href=\"https:\/\/polynort.cl\/w3\/wp-content\/uploads\/2025\/08\/Logo-fibra-e1754570259849.jpg\"><img fetchpriority=\"high\" decoding=\"async\" width=\"739\" height=\"885\" src=\"https:\/\/polynort.cl\/w3\/wp-content\/uploads\/2025\/08\/Logo-fibra-e1754570259849.jpg\" alt=\"\" class=\"wp-image-1967\" srcset=\"https:\/\/polynort.cl\/w3\/wp-content\/uploads\/2025\/08\/Logo-fibra-e1754570259849.jpg 739w, https:\/\/polynort.cl\/w3\/wp-content\/uploads\/2025\/08\/Logo-fibra-e1754570259849-251x300.jpg 251w\" sizes=\"(max-width: 739px) 100vw, 739px\" \/><\/a><\/figure>\n<\/div>\n\n\n\n<div class=\"wp-block-column is-layout-flow wp-block-column-is-layout-flow\" style=\"flex-basis:66.66%\">\n<h2 class=\"wp-block-heading has-text-color has-large-font-size\" style=\"color:#215b80\"><strong>FIBRA DE VIDRIO<\/strong><\/h2>\n\n\n\n<p class=\"has-text-color has-medium-font-size\" style=\"color:#215b80\"><strong>UNA VIDA SUPERIOR<\/strong><br>gran resistencia qu\u00edmica, elevada resistencia estructural, bajo peso, libre de mantenci\u00f3n<\/p>\n<\/div>\n<\/div>\n\n\n\n<div style=\"height:50px\" aria-hidden=\"true\" class=\"wp-block-spacer\"><\/div>\n\n\n\n<p><strong>Polynort SPA<\/strong> en su l\u00ednea de pol\u00edmeros reforzados con fibra de vidrio, cuenta con profesionales con basta experiencia en el mercado minero e industrial.<\/p>\n\n\n\n<p>Buscamos ser un verdadero apoyo para su compa\u00f1\u00eda, entregando soluciones reales a los diferentes requerimientos que su empresa necesite, con una atenci\u00f3n \u00e1gil y personalizada debido a sus caracter\u00edsticas higi\u00e9nicas, gran resistencia qu\u00edmica, elevada resistencia estructural, bajo peso, libre de mantenci\u00f3n, una vida \u00fatil superior a los aceros&nbsp;y precio competitivo frente a materiales tradicionales, esta presente en las mas diversas industrias del pa\u00eds.<\/p>\n\n\n\n<div style=\"height:100px\" aria-hidden=\"true\" class=\"wp-block-spacer\"><\/div>\n\n\n\n<div class=\"wp-block-cover alignfull is-light\"><img decoding=\"async\" width=\"1796\" height=\"800\" class=\"wp-block-cover__image-background wp-image-1750\" alt=\"\" src=\"https:\/\/polynort.cl\/w3\/wp-content\/uploads\/2022\/06\/banner_fibra.jpeg\" data-object-fit=\"cover\" srcset=\"https:\/\/polynort.cl\/w3\/wp-content\/uploads\/2022\/06\/banner_fibra.jpeg 1796w, https:\/\/polynort.cl\/w3\/wp-content\/uploads\/2022\/06\/banner_fibra-300x134.jpeg 300w, https:\/\/polynort.cl\/w3\/wp-content\/uploads\/2022\/06\/banner_fibra-1024x456.jpeg 1024w, https:\/\/polynort.cl\/w3\/wp-content\/uploads\/2022\/06\/banner_fibra-768x342.jpeg 768w, https:\/\/polynort.cl\/w3\/wp-content\/uploads\/2022\/06\/banner_fibra-1536x684.jpeg 1536w\" sizes=\"(max-width: 1796px) 100vw, 1796px\" \/><span aria-hidden=\"true\" class=\"wp-block-cover__background has-background-dim\"><\/span><div class=\"wp-block-cover__inner-container is-layout-flow wp-block-cover-is-layout-flow\">\n<div style=\"height:50px\" aria-hidden=\"true\" class=\"wp-block-spacer\"><\/div>\n\n\n\n<h4 class=\"wp-block-heading has-text-align-center has-white-color has-text-color has-large-font-size\" style=\"font-style:normal;font-weight:700\">PRODUCTOS<\/h4>\n\n\n\n<p class=\"has-text-align-center has-white-color has-text-color has-medium-font-size\"><strong>BARANDAS &amp; PASAMANOS &#8211; PARRILLAS DE PISO<\/strong><br><strong>PERFILES PULTRUIDOS &#8211; ESTANQUES &#8211; ESTRUCTURAS EN FRP<\/strong><\/p>\n\n\n\n<figure class=\"wp-block-gallery has-nested-images columns-4 is-cropped wp-block-gallery-1 is-layout-flex wp-block-gallery-is-layout-flex\">\n<figure class=\"wp-block-image size-large\"><a href=\"https:\/\/polynort.cl\/w3\/wp-content\/uploads\/2022\/05\/image001.jpg\"><img decoding=\"async\" width=\"1440\" height=\"960\" data-id=\"973\" src=\"https:\/\/polynort.cl\/w3\/wp-content\/uploads\/2022\/05\/image001.jpg\" alt=\"\" class=\"wp-image-973\" srcset=\"https:\/\/polynort.cl\/w3\/wp-content\/uploads\/2022\/05\/image001.jpg 1440w, https:\/\/polynort.cl\/w3\/wp-content\/uploads\/2022\/05\/image001-300x200.jpg 300w, https:\/\/polynort.cl\/w3\/wp-content\/uploads\/2022\/05\/image001-1024x683.jpg 1024w, https:\/\/polynort.cl\/w3\/wp-content\/uploads\/2022\/05\/image001-768x512.jpg 768w\" sizes=\"(max-width: 1440px) 100vw, 1440px\" \/><\/a><\/figure>\n\n\n\n<figure class=\"wp-block-image size-large\"><a href=\"https:\/\/polynort.cl\/w3\/wp-content\/uploads\/2022\/05\/image002.jpg\"><img loading=\"lazy\" decoding=\"async\" width=\"1280\" height=\"720\" data-id=\"972\" src=\"https:\/\/polynort.cl\/w3\/wp-content\/uploads\/2022\/05\/image002.jpg\" alt=\"\" class=\"wp-image-972\" srcset=\"https:\/\/polynort.cl\/w3\/wp-content\/uploads\/2022\/05\/image002.jpg 1280w, https:\/\/polynort.cl\/w3\/wp-content\/uploads\/2022\/05\/image002-300x169.jpg 300w, https:\/\/polynort.cl\/w3\/wp-content\/uploads\/2022\/05\/image002-1024x576.jpg 1024w, https:\/\/polynort.cl\/w3\/wp-content\/uploads\/2022\/05\/image002-768x432.jpg 768w\" sizes=\"(max-width: 1280px) 100vw, 1280px\" \/><\/a><\/figure>\n\n\n\n<figure class=\"wp-block-image size-large\"><a href=\"https:\/\/polynort.cl\/w3\/wp-content\/uploads\/2022\/05\/fibra02.jpg\"><img loading=\"lazy\" decoding=\"async\" width=\"833\" height=\"776\" data-id=\"761\" src=\"https:\/\/polynort.cl\/w3\/wp-content\/uploads\/2022\/05\/fibra02.jpg\" alt=\"\" class=\"wp-image-761\" srcset=\"https:\/\/polynort.cl\/w3\/wp-content\/uploads\/2022\/05\/fibra02.jpg 833w, https:\/\/polynort.cl\/w3\/wp-content\/uploads\/2022\/05\/fibra02-300x279.jpg 300w, https:\/\/polynort.cl\/w3\/wp-content\/uploads\/2022\/05\/fibra02-768x715.jpg 768w\" sizes=\"(max-width: 833px) 100vw, 833px\" \/><\/a><\/figure>\n\n\n\n<figure class=\"wp-block-image size-large\"><a href=\"https:\/\/polynort.cl\/w3\/wp-content\/uploads\/2022\/05\/fibra01-e1652997340450.jpg\"><img loading=\"lazy\" decoding=\"async\" width=\"768\" height=\"706\" data-id=\"760\" src=\"https:\/\/polynort.cl\/w3\/wp-content\/uploads\/2022\/05\/fibra01-e1652997340450.jpg\" alt=\"\" class=\"wp-image-760\" srcset=\"https:\/\/polynort.cl\/w3\/wp-content\/uploads\/2022\/05\/fibra01-e1652997340450.jpg 768w, https:\/\/polynort.cl\/w3\/wp-content\/uploads\/2022\/05\/fibra01-e1652997340450-300x276.jpg 300w\" sizes=\"(max-width: 768px) 100vw, 768px\" \/><\/a><\/figure>\n<\/figure>\n\n\n\n<p class=\"has-text-align-center has-white-color has-text-color has-small-font-size\">PIEZAS Y PARTES SEG\u00daN PLANO Y LEVANTAMIENTO EN TERRENO.<\/p>\n\n\n\n<div style=\"height:100px\" aria-hidden=\"true\" class=\"wp-block-spacer\"><\/div>\n<\/div><\/div>\n","protected":false},"excerpt":{"rendered":"<p>FIBRA DE VIDRIO UNA VIDA SUPERIORgran resistencia qu\u00edmica, elevada resistencia estructural, bajo peso, libre de mantenci\u00f3n Polynort SPA en su l\u00ednea de pol\u00edmeros reforzados con fibra de vidrio, cuenta con profesionales con basta experiencia en el mercado minero e industrial. Buscamos ser un verdadero apoyo para su compa\u00f1\u00eda, entregando soluciones reales a los diferentes requerimientos [&hellip;]<\/p>\n","protected":false},"author":2,"featured_media":0,"parent":0,"menu_order":4,"comment_status":"closed","ping_status":"closed","template":"","meta":{"footnotes":""},"class_list":["post-66","page","type-page","status-publish","hentry"],"_links":{"self":[{"href":"https:\/\/polynort.cl\/w3\/wp-json\/wp\/v2\/pages\/66","targetHints":{"allow":["GET"]}}],"collection":[{"href":"https:\/\/polynort.cl\/w3\/wp-json\/wp\/v2\/pages"}],"about":[{"href":"https:\/\/polynort.cl\/w3\/wp-json\/wp\/v2\/types\/page"}],"author":[{"embeddable":true,"href":"https:\/\/polynort.cl\/w3\/wp-json\/wp\/v2\/users\/2"}],"replies":[{"embeddable":true,"href":"https:\/\/polynort.cl\/w3\/wp-json\/wp\/v2\/comments?post=66"}],"version-history":[{"count":51,"href":"https:\/\/polynort.cl\/w3\/wp-json\/wp\/v2\/pages\/66\/revisions"}],"predecessor-version":[{"id":1971,"href":"https:\/\/polynort.cl\/w3\/wp-json\/wp\/v2\/pages\/66\/revisions\/1971"}],"wp:attachment":[{"href":"https:\/\/polynort.cl\/w3\/wp-json\/wp\/v2\/media?parent=66"}],"curies":[{"name":"wp","href":"https:\/\/api.w.org\/{rel}","templated":true}]}}